{"id":33,"date":"2013-08-09T15:55:17","date_gmt":"2013-08-09T13:55:17","guid":{"rendered":"http:\/\/nina-schneider.com\/wordpress\/?page_id=33"},"modified":"2026-04-22T09:42:19","modified_gmt":"2026-04-22T07:42:19","slug":"kontakt","status":"publish","type":"page","link":"https:\/\/nina-schneider.com\/?page_id=33","title":{"rendered":"Kontakt"},"content":{"rendered":"<section class=\"wpb-content-wrapper\">[vc_row][vc_column width=&#8220;1\/3&#8243;][vc_column_text css=&#8220;.vc_custom_1776843733918{padding-bottom: 30px !important;}&#8220;]\n<h5 style=\"text-align: left;\"><\/h5>\n<h3 style=\"text-align: left;\"><span style=\"color: #000000;\"><strong>NINA SCHNEIDER<\/strong><\/span><\/h3>\n<p style=\"text-align: left;\"><strong>Illustratorin &#8211; freischaffende K\u00fcnstlerin &#8211; Kunstp\u00e4dagogin<\/strong><\/p>\n<p style=\"text-align: left;\"><span style=\"color: #000000;\">Tel: +49 (0)151 41936221<br \/>\nMail: post@nina-schneider.com<\/span><\/p>\n<p style=\"text-align: left;\">Kolpingstra\u00dfe 9<br \/>\n84085 Langquaid<\/p>\n<p>________________________<\/p>\n<p>&nbsp;<\/p>\n<h3><strong>Live Zeichnen<\/strong><\/h3>\n<p><a href=\"https:\/\/kritzel-kiste.de\/\" target=\"_blank\" rel=\"noopener\">www.kritzel-kiste.de\/<\/a><br \/>\nhallo@kritzel-kiste.de<\/p>\n<p>________________________<\/p>\n<p>&nbsp;<\/p>\n<h3><strong>Kunstschule Bilderbude\u00a0<\/strong><\/h3>\n<p><a href=\"http:\/\/www.kunstschule-bilderbude.de\" target=\"_blank\" rel=\"noopener\">www.kunstschule-bilderbude.de<\/a><br \/>\npost@kunstschule-bilderbude.de<\/p>\n<p><strong>_______________________<\/strong><\/p>\n<h3><strong>Kunst im Kasten<\/strong><\/h3>\n<p><a href=\"https:\/\/kunst-im-kasten.de\/\" target=\"_blank\" rel=\"noopener\">www.kunst-im-kasten.de<\/a>[\/vc_column_text][\/vc_column][vc_column width=&#8220;2\/3&#8243;][vc_single_image image=&#8220;3215&#8243; img_size=&#8220;large&#8220; alignment=&#8220;center&#8220; css_animation=&#8220;fadeIn&#8220;][\/vc_column][\/vc_row][vc_row][vc_column][vc_column_text][\/vc_column_text][\/vc_column][\/vc_row]\n<\/section>","protected":false},"excerpt":{"rendered":"<p>[vc_row][vc_column width=&#8220;1\/3&#8243;][vc_column_text css=&#8220;.vc_custom_1776843733918{padding-bottom: 30px !important;}&#8220;] NINA SCHNEIDER Illustratorin &#8211; freischaffende K\u00fcnstlerin &#8211; Kunstp\u00e4dagogin Tel: +49 (0)151 41936221 Mail: post@nina-schneider.com Kolpingstra\u00dfe 9 84085 Langquaid ________________________ &nbsp; Live Zeichnen www.kritzel-kiste.de\/ hallo@kritzel-kiste.de ________________________ &nbsp; Kunstschule Bilderbude\u00a0 www.kunstschule-bilderbude.de post@kunstschule-bilderbude.de _______________________ Kunst im Kasten www.kunst-im-kasten.de[\/vc_column_text][\/vc_column][vc_column [&hellip;]<\/p>\n","protected":false},"author":1,"featured_media":0,"parent":0,"menu_order":4,"comment_status":"closed","ping_status":"closed","template":"","meta":{"footnotes":""},"class_list":["post-33","page","type-page","status-publish","hentry"],"yoast_head":"<!-- This site is optimized with the Yoast SEO plugin v27.2 - https:\/\/yoast.com\/product\/yoast-seo-wordpress\/ -->\n<title>Kontakt - Nina Schneider Illustration<\/title>\n<meta name=\"description\" content=\"Nina Schneider Illustration Tel: +49 (0)151 41936221 Mail: post@nina-schneider.com\" \/>\n<meta name=\"robots\" content=\"index, follow, max-snippet:-1, max-image-preview:large, max-video-preview:-1\" \/>\n<link rel=\"canonical\" href=\"https:\/\/nina-schneider.com\/?page_id=33\" \/>\n<meta property=\"og:locale\" content=\"de_DE\" \/>\n<meta property=\"og:type\" content=\"article\" \/>\n<meta property=\"og:title\" content=\"Kontakt - Nina Schneider Illustration\" \/>\n<meta property=\"og:description\" content=\"Nina Schneider Illustration Tel: +49 (0)151 41936221 Mail: post@nina-schneider.com\" \/>\n<meta property=\"og:url\" content=\"https:\/\/nina-schneider.com\/?page_id=33\" \/>\n<meta property=\"og:site_name\" content=\"Nina Schneider Illustration\" \/>\n<meta property=\"article:modified_time\" content=\"2026-04-22T07:42:19+00:00\" \/>\n<meta property=\"og:image\" content=\"https:\/\/nina-schneider.com\/wp-content\/uploads\/nina_bunt.jpg\" \/>\n\t<meta property=\"og:image:width\" content=\"1742\" \/>\n\t<meta property=\"og:image:height\" content=\"1162\" \/>\n\t<meta property=\"og:image:type\" content=\"image\/jpeg\" \/>\n<meta name=\"twitter:card\" content=\"summary_large_image\" \/>\n<meta name=\"twitter:label1\" content=\"Gesch\u00e4tzte Lesezeit\" \/>\n\t<meta name=\"twitter:data1\" content=\"1\u00a0Minute\" \/>\n<script type=\"application\/ld+json\" class=\"yoast-schema-graph\">{\"@context\":\"https:\/\/schema.org\",\"@graph\":[{\"@type\":\"WebPage\",\"@id\":\"https:\/\/nina-schneider.com\/?page_id=33\",\"url\":\"https:\/\/nina-schneider.com\/?page_id=33\",\"name\":\"Kontakt - Nina Schneider Illustration\",\"isPartOf\":{\"@id\":\"https:\/\/nina-schneider.com\/#website\"},\"datePublished\":\"2013-08-09T13:55:17+00:00\",\"dateModified\":\"2026-04-22T07:42:19+00:00\",\"description\":\"Nina Schneider Illustration Tel: +49 (0)151 41936221 Mail: post@nina-schneider.com\",\"breadcrumb\":{\"@id\":\"https:\/\/nina-schneider.com\/?page_id=33#breadcrumb\"},\"inLanguage\":\"de\",\"potentialAction\":[{\"@type\":\"ReadAction\",\"target\":[\"https:\/\/nina-schneider.com\/?page_id=33\"]}]},{\"@type\":\"BreadcrumbList\",\"@id\":\"https:\/\/nina-schneider.com\/?page_id=33#breadcrumb\",\"itemListElement\":[{\"@type\":\"ListItem\",\"position\":1,\"name\":\"Startseite\",\"item\":\"https:\/\/nina-schneider.com\/\"},{\"@type\":\"ListItem\",\"position\":2,\"name\":\"Kontakt\"}]},{\"@type\":\"WebSite\",\"@id\":\"https:\/\/nina-schneider.com\/#website\",\"url\":\"https:\/\/nina-schneider.com\/\",\"name\":\"Nina Schneider Illustration\",\"description\":\"+49 (0)151 419 362 21 post(at)nina-schneider.com\",\"publisher\":{\"@id\":\"https:\/\/nina-schneider.com\/#organization\"},\"potentialAction\":[{\"@type\":\"SearchAction\",\"target\":{\"@type\":\"EntryPoint\",\"urlTemplate\":\"https:\/\/nina-schneider.com\/?s={search_term_string}\"},\"query-input\":{\"@type\":\"PropertyValueSpecification\",\"valueRequired\":true,\"valueName\":\"search_term_string\"}}],\"inLanguage\":\"de\"},{\"@type\":\"Organization\",\"@id\":\"https:\/\/nina-schneider.com\/#organization\",\"name\":\"Nina Schneider Illustration\",\"url\":\"https:\/\/nina-schneider.com\/\",\"logo\":{\"@type\":\"ImageObject\",\"inLanguage\":\"de\",\"@id\":\"https:\/\/nina-schneider.com\/#\/schema\/logo\/image\/\",\"url\":\"https:\/\/nina-schneider.com\/wp-content\/uploads\/logo_transparent.png\",\"contentUrl\":\"https:\/\/nina-schneider.com\/wp-content\/uploads\/logo_transparent.png\",\"width\":600,\"height\":132,\"caption\":\"Nina Schneider Illustration\"},\"image\":{\"@id\":\"https:\/\/nina-schneider.com\/#\/schema\/logo\/image\/\"},\"sameAs\":[\"https:\/\/www.instagram.com\/illustration_nina_schneider\/\"]}]}<\/script>\n<!-- \/ Yoast SEO plugin. -->","yoast_head_json":{"title":"Kontakt - Nina Schneider Illustration","description":"Nina Schneider Illustration Tel: +49 (0)151 41936221 Mail: post@nina-schneider.com","robots":{"index":"index","follow":"follow","max-snippet":"max-snippet:-1","max-image-preview":"max-image-preview:large","max-video-preview":"max-video-preview:-1"},"canonical":"https:\/\/nina-schneider.com\/?page_id=33","og_locale":"de_DE","og_type":"article","og_title":"Kontakt - Nina Schneider Illustration","og_description":"Nina Schneider Illustration Tel: +49 (0)151 41936221 Mail: post@nina-schneider.com","og_url":"https:\/\/nina-schneider.com\/?page_id=33","og_site_name":"Nina Schneider Illustration","article_modified_time":"2026-04-22T07:42:19+00:00","og_image":[{"width":1742,"height":1162,"url":"https:\/\/nina-schneider.com\/wp-content\/uploads\/nina_bunt.jpg","type":"image\/jpeg"}],"twitter_card":"summary_large_image","twitter_misc":{"Gesch\u00e4tzte Lesezeit":"1\u00a0Minute"},"schema":{"@context":"https:\/\/schema.org","@graph":[{"@type":"WebPage","@id":"https:\/\/nina-schneider.com\/?page_id=33","url":"https:\/\/nina-schneider.com\/?page_id=33","name":"Kontakt - Nina Schneider Illustration","isPartOf":{"@id":"https:\/\/nina-schneider.com\/#website"},"datePublished":"2013-08-09T13:55:17+00:00","dateModified":"2026-04-22T07:42:19+00:00","description":"Nina Schneider Illustration Tel: +49 (0)151 41936221 Mail: post@nina-schneider.com","breadcrumb":{"@id":"https:\/\/nina-schneider.com\/?page_id=33#breadcrumb"},"inLanguage":"de","potentialAction":[{"@type":"ReadAction","target":["https:\/\/nina-schneider.com\/?page_id=33"]}]},{"@type":"BreadcrumbList","@id":"https:\/\/nina-schneider.com\/?page_id=33#breadcrumb","itemListElement":[{"@type":"ListItem","position":1,"name":"Startseite","item":"https:\/\/nina-schneider.com\/"},{"@type":"ListItem","position":2,"name":"Kontakt"}]},{"@type":"WebSite","@id":"https:\/\/nina-schneider.com\/#website","url":"https:\/\/nina-schneider.com\/","name":"Nina Schneider Illustration","description":"+49 (0)151 419 362 21 post(at)nina-schneider.com","publisher":{"@id":"https:\/\/nina-schneider.com\/#organization"},"potentialAction":[{"@type":"SearchAction","target":{"@type":"EntryPoint","urlTemplate":"https:\/\/nina-schneider.com\/?s={search_term_string}"},"query-input":{"@type":"PropertyValueSpecification","valueRequired":true,"valueName":"search_term_string"}}],"inLanguage":"de"},{"@type":"Organization","@id":"https:\/\/nina-schneider.com\/#organization","name":"Nina Schneider Illustration","url":"https:\/\/nina-schneider.com\/","logo":{"@type":"ImageObject","inLanguage":"de","@id":"https:\/\/nina-schneider.com\/#\/schema\/logo\/image\/","url":"https:\/\/nina-schneider.com\/wp-content\/uploads\/logo_transparent.png","contentUrl":"https:\/\/nina-schneider.com\/wp-content\/uploads\/logo_transparent.png","width":600,"height":132,"caption":"Nina Schneider Illustration"},"image":{"@id":"https:\/\/nina-schneider.com\/#\/schema\/logo\/image\/"},"sameAs":["https:\/\/www.instagram.com\/illustration_nina_schneider\/"]}]}},"_links":{"self":[{"href":"https:\/\/nina-schneider.com\/index.php?rest_route=\/wp\/v2\/pages\/33","targetHints":{"allow":["GET"]}}],"collection":[{"href":"https:\/\/nina-schneider.com\/index.php?rest_route=\/wp\/v2\/pages"}],"about":[{"href":"https:\/\/nina-schneider.com\/index.php?rest_route=\/wp\/v2\/types\/page"}],"author":[{"embeddable":true,"href":"https:\/\/nina-schneider.com\/index.php?rest_route=\/wp\/v2\/users\/1"}],"replies":[{"embeddable":true,"href":"https:\/\/nina-schneider.com\/index.php?rest_route=%2Fwp%2Fv2%2Fcomments&post=33"}],"version-history":[{"count":81,"href":"https:\/\/nina-schneider.com\/index.php?rest_route=\/wp\/v2\/pages\/33\/revisions"}],"predecessor-version":[{"id":3372,"href":"https:\/\/nina-schneider.com\/index.php?rest_route=\/wp\/v2\/pages\/33\/revisions\/3372"}],"wp:attachment":[{"href":"https:\/\/nina-schneider.com\/index.php?rest_route=%2Fwp%2Fv2%2Fmedia&parent=33"}],"curies":[{"name":"wp","href":"https:\/\/api.w.org\/{rel}","templated":true}]}}